{"id":2,"date":"2016-06-28T08:39:03","date_gmt":"2016-06-28T06:39:03","guid":{"rendered":"http:\/\/quali-con.de\/\/?page_id=2"},"modified":"2021-03-24T17:43:31","modified_gmt":"2021-03-24T16:43:31","slug":"beispiel-seite","status":"publish","type":"page","link":"http:\/\/quali-con.de\/?page_id=2","title":{"rendered":"Services"},"content":{"rendered":"<h3>Systemaufbau\/-betreuung<\/h3>\n<p>Sie planen die Einf\u00fchrung eines Qualit\u00e4tsmanagementsystems?<\/p>\n<p>Sie wollen Ihr bestehendes System \u00fcberarbeiten oder weiterentwickeln?<\/p>\n<p>Sie einen neuen Standard (z.B. IFS, BRC) in Ihr bestehendes QM-System integrieren?<\/p>\n<p><b>Wir helfen Ihnen dabei!<\/b><\/p>\n<p>Wir bauen ein auf Ihr Unternehmen zugeschnittenes QM-System auf und helfen Ihnen bei der praktischen Implementierung. Vom Aufbau \u00fcber die Zertifizierung und er Aufrechterhaltung des Systems haben Sie in uns einen kompetenten und tatkr\u00e4ftigen Partner an Ihrer Seite. Sie entscheiden, wie hoch der Grad unseres Service sein soll. W\u00fcnschen Sie mehr Informationen, dann kontaktieren Sie uns bitte <a href=\"http:\/\/quali-con.de\/?page_id=37\">hier<\/a>.<\/p>\n<p><b>Ihr Vorteil:<\/b> Auf Wunsch wird das QM-System mit Hilfe eines Sharepoints verwaltet, wodurch eine optimale Zusammenarbeit auch aus der Ferne m\u00f6glich ist. Auch der kurze Weg der Kommunikation per Videokonferenz ist jederzeit m\u00f6glich.<\/p>\n<p>Bei Folgenden Standards und Normen unterst\u00fctzen wir Sie gern:<\/p>\n<ul>\n<li style=\"list-style-type: none;\">\n<ul>\n<li style=\"list-style-type: none;\">\n<ul>\n<li>IFS Food<\/li>\n<li>IFS Broker<\/li>\n<li>IFS Logistics<\/li>\n<li>IFS Cash &amp; Carry \/IFS Wholesale<\/li>\n<li>IFS Global Markets Food<\/li>\n<li>FSSC 22000<\/li>\n<li>ISO 22000<\/li>\n<li>GlobalGAP<\/li>\n<li>BRC Food Issue<\/li>\n<li>QS-Pr\u00fcfsystem<\/li>\n<li>GMP+<\/li>\n<li>MSC<\/li>\n<li>Bio-Zertifizierung nach (EG) Nr. 834\/2007<\/li>\n<li>Aufbau von HACCP \u2013 Systemen<\/li>\n<li>Weitere nach Absprache<\/li>\n<\/ul>\n<\/li>\n<\/ul>\n<\/li>\n<\/ul>\n<h3><\/h3>\n<h3>Training\/Schulung Inhouseseminare<\/h3>\n<p>Mitarbeiter sollten zu qualit\u00e4ts- und lebensmittelsicherheitsrelevanten Themen regelm\u00e4\u00dfig qualifiziert werden. Wir bieten Ihnen die M\u00f6glichkeit, Seminare und Schulungen bei Ihnen vor Ort, individuell und speziell auf Ihr Unternehmen angepasst, durchzuf\u00fchren.<\/p>\n<p><b>M\u00f6gliche Thematiken: <\/b><\/p>\n<ul>\n<li style=\"list-style-type: none;\">\n<ul>\n<li style=\"list-style-type: none;\">\n<ul>\n<li>Good hygiene practice (GHP) inkl. Personal-, Produkt- und Umfeldhygiene<\/li>\n<li>Infektionsschutzgesetz<\/li>\n<li>Produktschutz (Food Defense)<\/li>\n<li>Lebensmittelbetrug (Food Fraud)<\/li>\n<li>HACCP<\/li>\n<li>Allergenmanagement<\/li>\n<li>Jeweilige Standards\/Normen (z.B. IFS, ISO 22000)<\/li>\n<li>R\u00fcckruftraining<\/li>\n<\/ul>\n<\/li>\n<\/ul>\n<\/li>\n<\/ul>\n<p><b>Ihre Vorteile: <\/b><\/p>\n<ul>\n<li style=\"list-style-type: none;\">\n<ul>\n<li style=\"list-style-type: none;\">\n<ul>\n<li>Optimal qualifizierte Mitarbeiter<\/li>\n<li>Erfahrungsaustausch<\/li>\n<li>Praxisnahe Vermittlung<\/li>\n<li>Individuell angepasste Schulungsinhalte<\/li>\n<li>Erf\u00fcllung von Anforderungen des IFS, BRC etc.<\/li>\n<li>Auf Wunsch schriftliche\/m\u00fcndliche Pr\u00fcfungen inkl. Pr\u00fcfungsnachweise<\/li>\n<\/ul>\n<\/li>\n<\/ul>\n<\/li>\n<\/ul>\n<h3>Projektberatung<\/h3>\n<ul>\n<li style=\"list-style-type: none;\">\n<ul>\n<li>Sie planen einen Neubau f\u00fcr eine Lebensmitte-\/Futtermittelproduktion?<\/li>\n<li>Sie ben\u00f6tigen eine EU-Zulassung?<\/li>\n<li>Sie wollen Ihr QM-System objektiv \u00fcberpr\u00fcfen lassen?<\/li>\n<li>Sie ben\u00f6tigen Hilfe im Umgang mit Krisen, beh\u00f6rdlichen Kontrollen etc.?<\/li>\n<li>Sie m\u00f6chten Ihre Prozesse hygienisch optimieren!<\/li>\n<\/ul>\n<\/li>\n<\/ul>\n<p><b>Wir beraten Sie gern!<\/b><\/p>\n<p>Wir f\u00fchren sachkundige und unabh\u00e4ngige Audits bei Ihnen und Ihren Lieferanten durch.<!-- Vielleicht Link zu deinem Zertifikat? Und schon bald zu meinem? &#x1f609;  --> Dabei zeigen sich Optimierungspotenziale auf, die Ihr System fortlaufend verbessern. Zudem sind Sie optimal gewappnet f\u00fcr das externe Zertifizierungsaudit.<\/p>\n<p>Wir zeigen Ihnen Umsetzungsempfehlungen auf und helfen Ihnen bei Fragstellungen rund um die Themen Lebensmittel und Futtermittel. Wir f\u00fchren f\u00fcr Sie Probenahmen von Produkten und aus dem Umfeld f\u00fcr Sich durch (z. b. Reinigung- und Handabklatsche), die durch akkreditierte Labore analysiert werden. So wird f\u00fcr Sie ersichtlich, ob beispielsweise die Reinigung optimal funktioniert!<\/p>\n","protected":false},"excerpt":{"rendered":"<p>Systemaufbau\/-betreuung Sie planen die Einf\u00fchrung eines Qualit\u00e4tsmanagementsystems? Sie wollen Ihr bestehendes System \u00fcberarbeiten oder weiterentwickeln? Sie einen neuen Standard (z.B. IFS, BRC) in Ihr bestehendes QM-System integrieren? Wir helfen Ihnen dabei! Wir bauen ein auf Ihr Unternehmen zugeschnittenes QM-System auf und helfen Ihnen bei der praktischen Implementierung. Vom Aufbau \u00fcber die Zertifizierung und er Aufrechterhaltung &hellip; <a href=\"http:\/\/quali-con.de\/?page_id=2\" class=\"more-link\"><span class=\"screen-reader-text\">Services<\/span> weiterlesen<\/a><\/p>\n","protected":false},"author":1,"featured_media":0,"parent":0,"menu_order":0,"comment_status":"closed","ping_status":"open","template":"","meta":[],"_links":{"self":[{"href":"http:\/\/quali-con.de\/index.php?rest_route=\/wp\/v2\/pages\/2"}],"collection":[{"href":"http:\/\/quali-con.de\/index.php?rest_route=\/wp\/v2\/pages"}],"about":[{"href":"http:\/\/quali-con.de\/index.php?rest_route=\/wp\/v2\/types\/page"}],"author":[{"embeddable":true,"href":"http:\/\/quali-con.de\/index.php?rest_route=\/wp\/v2\/users\/1"}],"replies":[{"embeddable":true,"href":"http:\/\/quali-con.de\/index.php?rest_route=%2Fwp%2Fv2%2Fcomments&post=2"}],"version-history":[{"count":9,"href":"http:\/\/quali-con.de\/index.php?rest_route=\/wp\/v2\/pages\/2\/revisions"}],"predecessor-version":[{"id":121,"href":"http:\/\/quali-con.de\/index.php?rest_route=\/wp\/v2\/pages\/2\/revisions\/121"}],"wp:attachment":[{"href":"http:\/\/quali-con.de\/index.php?rest_route=%2Fwp%2Fv2%2Fmedia&parent=2"}],"curies":[{"name":"wp","href":"https:\/\/api.w.org\/{rel}","templated":true}]}}